{"id":55,"date":"2019-03-02T06:33:49","date_gmt":"2019-03-02T06:33:49","guid":{"rendered":"http:\/\/rkk-grafenrheinfeld.de\/?page_id=55"},"modified":"2025-11-22T14:22:49","modified_gmt":"2025-11-22T14:22:49","slug":"praesidium","status":"publish","type":"page","link":"https:\/\/rkk-grafenrheinfeld.de\/?page_id=55","title":{"rendered":"Pr\u00e4sidium"},"content":{"rendered":"\r\n<p>&nbsp;<\/p>\r\n\r\n\r\n\r\n<figure class=\"wp-block-table is-style-regular\">\r\n<table>\r\n<tbody>\r\n<tr>\r\n<td>Stefan Grafe<br \/>Vereinsf\u00fchrung<br \/><a href=\"mailto:stefangrafe@T-Online.de\">stefangrafe@T-Online.de<\/a><\/td>\r\n<td><img loading=\"lazy\" decoding=\"async\" width=\"150\" height=\"203\" class=\"wp-image-760\" style=\"width: 150px;\" src=\"http:\/\/rkk-grafenrheinfeld.de\/wp-content\/uploads\/2019\/09\/IMG_9338-e1568530413802.jpg\" alt=\"\" srcset=\"https:\/\/rkk-grafenrheinfeld.de\/wp-content\/uploads\/2019\/09\/IMG_9338-e1568530413802.jpg 3652w, https:\/\/rkk-grafenrheinfeld.de\/wp-content\/uploads\/2019\/09\/IMG_9338-e1568530413802-222x300.jpg 222w, https:\/\/rkk-grafenrheinfeld.de\/wp-content\/uploads\/2019\/09\/IMG_9338-e1568530413802-768x1038.jpg 768w, https:\/\/rkk-grafenrheinfeld.de\/wp-content\/uploads\/2019\/09\/IMG_9338-e1568530413802-757x1024.jpg 757w, https:\/\/rkk-grafenrheinfeld.de\/wp-content\/uploads\/2019\/09\/IMG_9338-e1568530413802-1024x1385.jpg 1024w, https:\/\/rkk-grafenrheinfeld.de\/wp-content\/uploads\/2019\/09\/IMG_9338-e1568530413802-799x1080.jpg 799w\" sizes=\"auto, (max-width: 150px) 100vw, 150px\" \/><\/td>\r\n<\/tr>\r\n<tr>\r\n<td>Manfred Christ<br \/>2. Pr\u00e4sident<\/td>\r\n<td><img loading=\"lazy\" decoding=\"async\" width=\"150\" height=\"223\" class=\"wp-image-789\" style=\"width: 150px;\" src=\"http:\/\/rkk-grafenrheinfeld.de\/wp-content\/uploads\/2019\/09\/IMG_9389-e1568532401127.jpg\" alt=\"\" srcset=\"https:\/\/rkk-grafenrheinfeld.de\/wp-content\/uploads\/2019\/09\/IMG_9389-e1568532401127.jpg 3283w, https:\/\/rkk-grafenrheinfeld.de\/wp-content\/uploads\/2019\/09\/IMG_9389-e1568532401127-202x300.jpg 202w, https:\/\/rkk-grafenrheinfeld.de\/wp-content\/uploads\/2019\/09\/IMG_9389-e1568532401127-768x1139.jpg 768w, https:\/\/rkk-grafenrheinfeld.de\/wp-content\/uploads\/2019\/09\/IMG_9389-e1568532401127-690x1024.jpg 690w, https:\/\/rkk-grafenrheinfeld.de\/wp-content\/uploads\/2019\/09\/IMG_9389-e1568532401127-1024x1519.jpg 1024w, https:\/\/rkk-grafenrheinfeld.de\/wp-content\/uploads\/2019\/09\/IMG_9389-e1568532401127-728x1080.jpg 728w\" sizes=\"auto, (max-width: 150px) 100vw, 150px\" \/><\/td>\r\n<\/tr>\r\n<tr>\r\n<td>Bernhard Knaup<br \/>Technikpr\u00e4sident und Frauenversteher<br \/><a href=\"mailto:bekna@gmx.net\">bekna@gmx.net<\/a><\/td>\r\n<td><img loading=\"lazy\" decoding=\"async\" width=\"150\" height=\"224\" class=\"wp-image-782\" style=\"width: 150px;\" src=\"http:\/\/rkk-grafenrheinfeld.de\/wp-content\/uploads\/2019\/09\/IMG_9342-e1568531681119.jpg\" alt=\"\" srcset=\"https:\/\/rkk-grafenrheinfeld.de\/wp-content\/uploads\/2019\/09\/IMG_9342-e1568531681119.jpg 3351w, https:\/\/rkk-grafenrheinfeld.de\/wp-content\/uploads\/2019\/09\/IMG_9342-e1568531681119-201x300.jpg 201w, https:\/\/rkk-grafenrheinfeld.de\/wp-content\/uploads\/2019\/09\/IMG_9342-e1568531681119-768x1144.jpg 768w, https:\/\/rkk-grafenrheinfeld.de\/wp-content\/uploads\/2019\/09\/IMG_9342-e1568531681119-687x1024.jpg 687w, https:\/\/rkk-grafenrheinfeld.de\/wp-content\/uploads\/2019\/09\/IMG_9342-e1568531681119-1024x1526.jpg 1024w, https:\/\/rkk-grafenrheinfeld.de\/wp-content\/uploads\/2019\/09\/IMG_9342-e1568531681119-725x1080.jpg 725w\" sizes=\"auto, (max-width: 150px) 100vw, 150px\" \/><\/td>\r\n<\/tr>\r\n<tr>\r\n<td>Tanja H.<br \/>Schriftf\u00fchrerin<br \/><a href=\"mailto:rkk-schriftfuehrung@gmx.de\">rkk-schriftfuehrung@gmx.de<\/a><\/td>\r\n<td><img loading=\"lazy\" decoding=\"async\" class=\"alignnone wp-image-4475 size-medium\" style=\"width: 150px;\" src=\"http:\/\/rkk-grafenrheinfeld.de\/wp-content\/uploads\/2024\/02\/20240210233025_IMG_8886-200x300.jpg\" alt=\"\" width=\"200\" height=\"300\" srcset=\"https:\/\/rkk-grafenrheinfeld.de\/wp-content\/uploads\/2024\/02\/20240210233025_IMG_8886-200x300.jpg 200w, https:\/\/rkk-grafenrheinfeld.de\/wp-content\/uploads\/2024\/02\/20240210233025_IMG_8886-682x1024.jpg 682w, https:\/\/rkk-grafenrheinfeld.de\/wp-content\/uploads\/2024\/02\/20240210233025_IMG_8886-768x1152.jpg 768w, https:\/\/rkk-grafenrheinfeld.de\/wp-content\/uploads\/2024\/02\/20240210233025_IMG_8886-1024x1537.jpg 1024w, https:\/\/rkk-grafenrheinfeld.de\/wp-content\/uploads\/2024\/02\/20240210233025_IMG_8886-1365x2048.jpg 1365w, https:\/\/rkk-grafenrheinfeld.de\/wp-content\/uploads\/2024\/02\/20240210233025_IMG_8886-720x1080.jpg 720w, https:\/\/rkk-grafenrheinfeld.de\/wp-content\/uploads\/2024\/02\/20240210233025_IMG_8886-scaled.jpg 1706w\" sizes=\"auto, (max-width: 200px) 100vw, 200px\" \/><\/td>\r\n<\/tr>\r\n<tr>\r\n<td>Jens Rainer Mauder<br \/>Kassier<br \/><a href=\"mailto:jrmauder@gmail.com\">jrmauder@gmail.com<\/a><\/td>\r\n<td><img loading=\"lazy\" decoding=\"async\" width=\"150\" height=\"222\" class=\"wp-image-762\" style=\"width: 150px;\" src=\"http:\/\/rkk-grafenrheinfeld.de\/wp-content\/uploads\/2019\/09\/IMG_9336-e1568530448648.jpg\" alt=\"\" srcset=\"https:\/\/rkk-grafenrheinfeld.de\/wp-content\/uploads\/2019\/09\/IMG_9336-e1568530448648.jpg 3488w, https:\/\/rkk-grafenrheinfeld.de\/wp-content\/uploads\/2019\/09\/IMG_9336-e1568530448648-202x300.jpg 202w, https:\/\/rkk-grafenrheinfeld.de\/wp-content\/uploads\/2019\/09\/IMG_9336-e1568530448648-768x1139.jpg 768w, https:\/\/rkk-grafenrheinfeld.de\/wp-content\/uploads\/2019\/09\/IMG_9336-e1568530448648-691x1024.jpg 691w, https:\/\/rkk-grafenrheinfeld.de\/wp-content\/uploads\/2019\/09\/IMG_9336-e1568530448648-1024x1518.jpg 1024w, https:\/\/rkk-grafenrheinfeld.de\/wp-content\/uploads\/2019\/09\/IMG_9336-e1568530448648-728x1080.jpg 728w\" sizes=\"auto, (max-width: 150px) 100vw, 150px\" \/><\/td>\r\n<\/tr>\r\n<tr>\r\n<td>Lukas Zachmann<br \/>Beisitzer<\/td>\r\n<td>\u00a0<\/td>\r\n<\/tr>\r\n<tr>\r\n<td>Silke Christ<br \/>Beisitzerin<\/td>\r\n<td><img loading=\"lazy\" decoding=\"async\" width=\"147\" height=\"320\" class=\"wp-image-1460\" style=\"width: 147px;\" src=\"http:\/\/rkk-grafenrheinfeld.de\/wp-content\/uploads\/2020\/02\/IMG_3054-1.png\" alt=\"\" srcset=\"https:\/\/rkk-grafenrheinfeld.de\/wp-content\/uploads\/2020\/02\/IMG_3054-1.png 147w, https:\/\/rkk-grafenrheinfeld.de\/wp-content\/uploads\/2020\/02\/IMG_3054-1-138x300.png 138w\" sizes=\"auto, (max-width: 147px) 100vw, 147px\" \/><\/td>\r\n<\/tr>\r\n<tr>\r\n<td>Julia Ziegler<br \/>Beisitzerin<\/td>\r\n<td>\u00a0<\/td>\r\n<\/tr>\r\n<tr>\r\n<td>Manuela Haagen<br \/>Beisitzerin<\/td>\r\n<td><img loading=\"lazy\" decoding=\"async\" class=\"alignleft wp-image-4440 size-medium\" src=\"http:\/\/rkk-grafenrheinfeld.de\/wp-content\/uploads\/2024\/02\/IMG_9349-200x300.jpg\" alt=\"\" width=\"200\" height=\"300\" srcset=\"https:\/\/rkk-grafenrheinfeld.de\/wp-content\/uploads\/2024\/02\/IMG_9349-200x300.jpg 200w, https:\/\/rkk-grafenrheinfeld.de\/wp-content\/uploads\/2024\/02\/IMG_9349-683x1024.jpg 683w, https:\/\/rkk-grafenrheinfeld.de\/wp-content\/uploads\/2024\/02\/IMG_9349-768x1152.jpg 768w, https:\/\/rkk-grafenrheinfeld.de\/wp-content\/uploads\/2024\/02\/IMG_9349-1024x1536.jpg 1024w, https:\/\/rkk-grafenrheinfeld.de\/wp-content\/uploads\/2024\/02\/IMG_9349-1365x2048.jpg 1365w, https:\/\/rkk-grafenrheinfeld.de\/wp-content\/uploads\/2024\/02\/IMG_9349-720x1080.jpg 720w, https:\/\/rkk-grafenrheinfeld.de\/wp-content\/uploads\/2024\/02\/IMG_9349-scaled.jpg 1707w\" sizes=\"auto, (max-width: 200px) 100vw, 200px\" \/><\/td>\r\n<\/tr>\r\n<tr>\r\n<td>Patrick Lausenmeyer<br \/>Beisitzer<\/td>\r\n<td><img loading=\"lazy\" decoding=\"async\" width=\"150\" height=\"196\" class=\"wp-image-785\" style=\"width: 150px;\" src=\"http:\/\/rkk-grafenrheinfeld.de\/wp-content\/uploads\/2019\/09\/IMG_9358-e1568531932633.jpg\" alt=\"\" srcset=\"https:\/\/rkk-grafenrheinfeld.de\/wp-content\/uploads\/2019\/09\/IMG_9358-e1568531932633.jpg 2790w, https:\/\/rkk-grafenrheinfeld.de\/wp-content\/uploads\/2019\/09\/IMG_9358-e1568531932633-229x300.jpg 229w, https:\/\/rkk-grafenrheinfeld.de\/wp-content\/uploads\/2019\/09\/IMG_9358-e1568531932633-768x1005.jpg 768w, https:\/\/rkk-grafenrheinfeld.de\/wp-content\/uploads\/2019\/09\/IMG_9358-e1568531932633-782x1024.jpg 782w, https:\/\/rkk-grafenrheinfeld.de\/wp-content\/uploads\/2019\/09\/IMG_9358-e1568531932633-1024x1340.jpg 1024w, https:\/\/rkk-grafenrheinfeld.de\/wp-content\/uploads\/2019\/09\/IMG_9358-e1568531932633-825x1080.jpg 825w\" sizes=\"auto, (max-width: 150px) 100vw, 150px\" \/><\/td>\r\n<\/tr>\r\n<tr>\r\n<td>Melanie Edelmann<br \/>Beisitzerin<\/td>\r\n<td><img loading=\"lazy\" decoding=\"async\" class=\"alignnone size-medium wp-image-8647\" src=\"http:\/\/rkk-grafenrheinfeld.de\/wp-content\/uploads\/2025\/11\/IMG_2620-200x300.jpg\" alt=\"\" width=\"200\" height=\"300\" srcset=\"https:\/\/rkk-grafenrheinfeld.de\/wp-content\/uploads\/2025\/11\/IMG_2620-200x300.jpg 200w, https:\/\/rkk-grafenrheinfeld.de\/wp-content\/uploads\/2025\/11\/IMG_2620.jpg 512w\" sizes=\"auto, (max-width: 200px) 100vw, 200px\" \/><\/td>\r\n<\/tr>\r\n<\/tbody>\r\n<\/table>\r\n<\/figure>\r\n\r\n\r\n\r\n<figure class=\"wp-block-image size-large\"><img decoding=\"async\" src=\"blob:http:\/\/rkk-grafenrheinfeld.de\/85eaecc7-12f1-4b7b-9400-5a2187b2469b\" alt=\"\" \/><\/figure>\r\n","protected":false},"excerpt":{"rendered":"<p>&nbsp; Stefan GrafeVereinsf\u00fchrungstefangrafe@T-Online.de Manfred Christ2. Pr\u00e4sident Bernhard KnaupTechnikpr\u00e4sident und Frauenversteherbekna@gmx.net Tanja H.Schriftf\u00fchrerinrkk-schriftfuehrung@gmx.de Jens Rainer MauderKassierjrmauder@gmail.com Lukas ZachmannBeisitzer \u00a0 Silke ChristBeisitzerin Julia ZieglerBeisitzerin \u00a0 Manuela HaagenBeisitzerin Patrick LausenmeyerBeisitzer Melanie EdelmannBeisitzerin<\/p>\n","protected":false},"author":1,"featured_media":0,"parent":0,"menu_order":0,"comment_status":"closed","ping_status":"closed","template":"","meta":{"jetpack_post_was_ever_published":false,"footnotes":""},"class_list":["post-55","page","type-page","status-publish","hentry"],"jetpack_sharing_enabled":true,"jetpack_shortlink":"https:\/\/wp.me\/PaNhu7-T","_links":{"self":[{"href":"https:\/\/rkk-grafenrheinfeld.de\/index.php?rest_route=\/wp\/v2\/pages\/55","targetHints":{"allow":["GET"]}}],"collection":[{"href":"https:\/\/rkk-grafenrheinfeld.de\/index.php?rest_route=\/wp\/v2\/pages"}],"about":[{"href":"https:\/\/rkk-grafenrheinfeld.de\/index.php?rest_route=\/wp\/v2\/types\/page"}],"author":[{"embeddable":true,"href":"https:\/\/rkk-grafenrheinfeld.de\/index.php?rest_route=\/wp\/v2\/users\/1"}],"replies":[{"embeddable":true,"href":"https:\/\/rkk-grafenrheinfeld.de\/index.php?rest_route=%2Fwp%2Fv2%2Fcomments&post=55"}],"version-history":[{"count":21,"href":"https:\/\/rkk-grafenrheinfeld.de\/index.php?rest_route=\/wp\/v2\/pages\/55\/revisions"}],"predecessor-version":[{"id":8648,"href":"https:\/\/rkk-grafenrheinfeld.de\/index.php?rest_route=\/wp\/v2\/pages\/55\/revisions\/8648"}],"wp:attachment":[{"href":"https:\/\/rkk-grafenrheinfeld.de\/index.php?rest_route=%2Fwp%2Fv2%2Fmedia&parent=55"}],"curies":[{"name":"wp","href":"https:\/\/api.w.org\/{rel}","templated":true}]}}