{"id":14,"date":"2019-02-28T18:52:53","date_gmt":"2019-02-28T18:52:53","guid":{"rendered":"http:\/\/rkk-grafenrheinfeld.de\/?page_id=14"},"modified":"2022-11-08T13:34:35","modified_gmt":"2022-11-08T13:34:35","slug":"impressum","status":"publish","type":"page","link":"https:\/\/rkk-grafenrheinfeld.de\/?page_id=14","title":{"rendered":"Impressum"},"content":{"rendered":"\n<p><br \/><\/p>\n\n\n\n<h2 class=\"wp-block-heading\">Impressum<\/h2>\n\n\n\n<hr class=\"wp-block-separator has-css-opacity\"\/>\n\n\n\n<h3 class=\"wp-block-heading\">Verantwortlich:<\/h3>\n\n\n\n<p>Karnevalsclub &#8222;Rafelder Krautsk\u00f6pf&#8220; e.V.<\/p>\n\n\n\n<p>Friedrich R\u00fcckert Str. 40<\/p>\n\n\n\n<p>97506 Grafenrheinfeld<\/p>\n\n\n\n<p>Mobil: 0171\/6907760<\/p>\n\n\n\n<p>E-Mail:&nbsp;<a href=\"mailto:stefangrafe@t-online.de\">stefangrafe@t-online.de<\/a><\/p>\n\n\n\n<p>Internet: www.rkk-grafenrheinfeld.de<\/p>\n\n\n\n<h3 class=\"wp-block-heading\">Vertretungsberechtigter<\/h3>\n\n\n\n<p>Stefan Grafe, (Pr\u00e4sident) (Anschrift wie oben),<\/p>\n\n\n\n<p>Manfred Christ, (Pr\u00e4sident) Mozartstr. 7, 97506 Grafenrheinfeld, Telefon: +49 9723 936393<\/p>\n\n\n\n<p>Bernhard Knaup, (Pr\u00e4sident) Maingasse 7, 97506 Grafenrheinfeld, Telefon: +49 9723 4546<br \/><\/p>\n\n\n\n<h3 class=\"wp-block-heading\">Registereintrag<\/h3>\n\n\n\n<p>Registergericht: Amtsgericht Schweinfurt,<\/p>\n\n\n\n<p>R\u00fcfferstr. 1, 97421 Schweinfurt&nbsp;<\/p>\n\n\n\n<p>Registernummer: VR 759<\/p>\n\n\n\n<p>Steuernummer: 249\/108\/80450<\/p>\n\n\n\n<h3 class=\"wp-block-heading\">Haftungshinweis:<\/h3>\n\n\n\n<p>Trotz sorgf\u00e4ltiger inhaltlicher Kontrolle \u00fcbernehmen wir keine Haftung f\u00fcr die Inhalte externer Links. F\u00fcr den Inhalt der verlinkten Seiten sind ausschlie\u00dflich deren Betreiber verantwortlich.<br \/><\/p>\n\n\n\n<h3 class=\"wp-block-heading\">Webdesign:<\/h3>\n\n\n\n<p>Andreas Heider<\/p>\n\n\n\n<p>E-Mail:&nbsp;<a href=\"mailto:rkk-grafenrheinfeld@gmx.de\">rkk-grafenrheinfeld@gmx.de<\/a><\/p>\n\n\n\n<p><\/p>\n","protected":false},"excerpt":{"rendered":"<p>Impressum Verantwortlich: Karnevalsclub &#8222;Rafelder Krautsk\u00f6pf&#8220; e.V. Friedrich R\u00fcckert Str. 40 97506 Grafenrheinfeld Mobil: 0171\/6907760 E-Mail:&nbsp;stefangrafe@t-online.de Internet: www.rkk-grafenrheinfeld.de Vertretungsberechtigter Stefan Grafe, (Pr\u00e4sident) (Anschrift wie oben), Manfred Christ, (Pr\u00e4sident) Mozartstr. 7, 97506 Grafenrheinfeld, Telefon: +49 9723 936393 Bernhard Knaup, (Pr\u00e4sident) Maingasse 7, 97506 Grafenrheinfeld, Telefon: +49 9723 4546 Registereintrag Registergericht: Amtsgericht Schweinfurt, R\u00fcfferstr. 1, 97421 Schweinfurt&nbsp; Registernummer:&hellip; <br \/> <a class=\"read-more\" href=\"https:\/\/rkk-grafenrheinfeld.de\/?page_id=14\">Weiterlesen<\/a><\/p>\n","protected":false},"author":1,"featured_media":0,"parent":0,"menu_order":0,"comment_status":"closed","ping_status":"closed","template":"","meta":{"jetpack_post_was_ever_published":false,"footnotes":""},"class_list":["post-14","page","type-page","status-publish","hentry"],"jetpack_sharing_enabled":true,"jetpack_shortlink":"https:\/\/wp.me\/PaNhu7-e","_links":{"self":[{"href":"https:\/\/rkk-grafenrheinfeld.de\/index.php?rest_route=\/wp\/v2\/pages\/14","targetHints":{"allow":["GET"]}}],"collection":[{"href":"https:\/\/rkk-grafenrheinfeld.de\/index.php?rest_route=\/wp\/v2\/pages"}],"about":[{"href":"https:\/\/rkk-grafenrheinfeld.de\/index.php?rest_route=\/wp\/v2\/types\/page"}],"author":[{"embeddable":true,"href":"https:\/\/rkk-grafenrheinfeld.de\/index.php?rest_route=\/wp\/v2\/users\/1"}],"replies":[{"embeddable":true,"href":"https:\/\/rkk-grafenrheinfeld.de\/index.php?rest_route=%2Fwp%2Fv2%2Fcomments&post=14"}],"version-history":[{"count":5,"href":"https:\/\/rkk-grafenrheinfeld.de\/index.php?rest_route=\/wp\/v2\/pages\/14\/revisions"}],"predecessor-version":[{"id":2950,"href":"https:\/\/rkk-grafenrheinfeld.de\/index.php?rest_route=\/wp\/v2\/pages\/14\/revisions\/2950"}],"wp:attachment":[{"href":"https:\/\/rkk-grafenrheinfeld.de\/index.php?rest_route=%2Fwp%2Fv2%2Fmedia&parent=14"}],"curies":[{"name":"wp","href":"https:\/\/api.w.org\/{rel}","templated":true}]}}